{"id":32,"date":"2024-06-01T17:00:07","date_gmt":"2024-06-01T15:00:07","guid":{"rendered":"https:\/\/raslamine.noblogs.org\/?page_id=32"},"modified":"2025-10-30T17:25:04","modified_gmt":"2025-10-30T16:25:04","slug":"liens","status":"publish","type":"page","link":"https:\/\/raslamine.noblogs.org\/?page_id=32","title":{"rendered":"Liens"},"content":{"rendered":"<h2><strong>Diffusion :<\/strong><\/h2>\n<ul>\n<li><a href=\"https:\/\/raslamine.noblogs.org\/files\/2025\/07\/A4blanc.pdf\">flyA6 sur page A4 couleur fond blanc<\/a><\/li>\n<li><a href=\"https:\/\/raslamine.noblogs.org\/files\/2025\/07\/A4gris.pdf\">flyA6 sur page A4 couleur fond gris<\/a><\/li>\n<li><a href=\"https:\/\/raslamine.noblogs.org\/files\/2025\/07\/A4grisnoiretblanc.pdf\">flyA6 sur page A4 noir et blanc fond blanc<\/a><\/li>\n<li><a href=\"https:\/\/raslamine.noblogs.org\/files\/2025\/07\/A4grisnoiretblanc.pdf\">flyA6 sur page A4 noir et blanc fond gris<\/a><\/li>\n<\/ul>\n<h2><strong>Carte :<\/strong><\/h2>\n<ul>\n<li><a href=\"https:\/\/contreimerys.gogocarto.fr\/\">https:\/\/contreimerys.gogocarto.fr\/<\/a><\/li>\n<\/ul>\n<h2><strong>Association contre les mines :<br \/>\n<\/strong><\/h2>\n<ul>\n<li style=\"list-style-type: none\">\n<ul>\n<li><a href=\"https:\/\/stop-belenos.fr\/\">Stop Belenos<\/a><br \/>\nHabitants du secteur concern\u00e9s par le permis d\u2019exploration de recherche mini\u00e8re \u00ab B\u00e9l\u00e9nos \u00bb port\u00e9 par la soci\u00e9t\u00e9 Breizh Ressources, nous sommes scandalis\u00e9s par le manque de communications, d\u2019informations et de concertations vis \u00e0 vis de ce projet. Nous pointons du doigt le porteur de projet, les municipalit\u00e9s concern\u00e9es et le minist\u00e8re de l\u2019\u00e9conomie pour passer sous silence cette industrie d\u00e9vastatrice de nos cadres de vie. Nous ne sommes pas dupes: la phase d\u2019exploration ne peut \u00eatre dissoci\u00e9e de sa finalit\u00e9, \u00e0 savoir l\u2019exploitation mini\u00e8re. Nous refusons de c\u00e9der notre terroir aux chercheurs d\u2019or sous couvert d\u2019une pseudo transition \u00e9nerg\u00e9tique. Nous consid\u00e9rons que la seule bifurcation possible est la sobri\u00e9t\u00e9.<\/li>\n<li><a href=\"https:\/\/www.stop-taranis.org\/\">Stop Taranis<\/a><br \/>\nLe collectif Stop Taranis est n\u00e9 de l&rsquo;inqui\u00e9tude des habitant.e.s des communes concern\u00e9es par le PERM Taranis.<br \/>\nIl regroupe plusieurs habitant.e.s qui sont soucieux d&rsquo;informer la population et de sensibiliser les \u00e9lu.e.s locaux en organisant du tractage, des r\u00e9unions d&rsquo;information, des \u00e9v\u00e8nements et des outils de communication.<\/li>\n<li><a href=\"https:\/\/www.stopminesalau.com\/\">Stop mine Salau<\/a><\/li>\n<li><a href=\"http:\/\/stopmines23.fr\/\">Stop mines 23<\/a><\/li>\n<li><a href=\"https:\/\/stopmines81.org\/\">Stop mines 81<\/a><br \/>\nInforme et milite sur les dangers et nuisances du projet de Mine de Fontrieu, &#8230; et ailleurs !<\/li>\n<li><a href=\"https:\/\/stopmines87.fr\/\">Stop mines 87<\/a><br \/>\nStop Mines 87 est une association loi 1901 cr\u00e9\u00e9e fin 2015 sur le territoire aurif\u00e8re du sud-Haute-Vienne. Un des nouveaux projets miniers concerne aussi la Dordogne (24).<\/li>\n<li><a href=\"https:\/\/ordequestion.org\/\">Or de question !<\/a><br \/>\nCollectif citoyen oppos\u00e9 \u00e0 la m\u00e9ga-industrie mini\u00e8re en Guyane<\/li>\n<\/ul>\n<\/li>\n<\/ul>\n<h2><strong>Se prot\u00e8ger sur internet et en dehors :<\/strong><\/h2>\n<ul>\n<li><a href=\"https:\/\/www.notrace.how\/fr\/\">No Trace Project (notrace.how)<\/a><br \/>\nPas de trace, pas de proc\u00e8s. Un ensemble d&rsquo;outils pour aider les anarchistes et autres rebelles \u00e0 <strong>comprendre<\/strong> les capacit\u00e9s de leurs ennemis, <strong>saper<\/strong> les efforts de surveillance, et au final <strong>agir<\/strong> sans se faire attraper.<\/li>\n<li><a href=\"https:\/\/guide.boum.org\/\">Guide d\u2019Autod\u00e9fense Num\u00e9rique (guide.boum.org)<\/a><br \/>\nFace \u00e0 ces constats, la seule voie praticable semble \u00eatre de devenir capables d\u2019imaginer et de mettre en place des politiques et des strat\u00e9gies de r\u00e9duction des risques ad\u00e9quates.<br \/>\nTout l\u2019enjeu de ce guide est de fournir cartes et boussole \u00e0 quiconque veut cheminer sur cette route.<br \/>\nUn livre \u00e0 lire, relire, pratiquer, en solitaire ou \u00e0 plusieurs, \u00e0 faire d\u00e9couvrir et \u00e0 partager\u2026 ou comment affiner l\u2019art de la navigation dans les eaux troubles du monde num\u00e9rique.<\/li>\n<\/ul>\n<h2><strong>Relais de communiqu\u00e9s et d&rsquo;actions :<\/strong><\/h2>\n<ul>\n<li><a href=\"https:\/\/attaque.noblogs.org\/\">Attaque (attaque.noblogs.org)<\/a><br \/>\nChronique de la guerre sociale en France<\/li>\n<li><a href=\"https:\/\/sansnom.noblogs.org\/\">Sans nom (sansnom.noblogs.org)<\/a><br \/>\n<strong>1.<\/strong><em> Ce qu\u2019on ne peut nommer. Ex: <\/em>cet amour sans nom pour la libert\u00e9 ne trouvait d\u2019\u00e9gal que dans la haine contre toute autorit\u00e9<em>.<br \/>\n<\/em><strong>2.<\/strong><em> dont le nom n\u2019est pas connu. Ex: <\/em>ce sabotage men\u00e9 par d\u2019obscurs sans noms pourra appartenir \u00e0 tous ceux qui le partagent<em>.<br \/>\n<\/em><strong>3.<\/strong><em> D\u2019une telle gravit\u00e9 que cela d\u00e9passe toute qualification. Ex: <\/em>la simple vue d\u2019un uniforme provoquait imm\u00e9diatement un d\u00e9go\u00fbt sans nom chez tout \u00eatre dou\u00e9 de sens<em>.<br \/>\n<\/em><strong>4. <\/strong>Syn. <em>anonyme, inconnu, inqualifiable, innommable, insupportable<\/em><\/li>\n<\/ul>\n<h2><strong>Sites collaboratifs d&rsquo;infos et d&rsquo;actu militantes :<\/strong><\/h2>\n<aside id=\"block-68\" class=\"widget widget_block widget_text\"><\/aside>\n<p><a href=\"https:\/\/nantes.indymedia.org\/\">Nantes Indym\u00e9dia (nantes.indymedia.org)<\/a> Media toi-m\u00eame<br \/>\n<a href=\"https:\/\/lille.indymedia.org\/?lang=fr\">Lille Indym\u00e9dia (lille.indymedia.org)<\/a>\u00a0 Agissez ! Publiez ! Informez-vous !<\/p>\n<p><strong>Sites du r\u00e9seau Mutu :<\/strong><br \/>\n<a class=\"spip_out\" href=\"http:\/\/rebellyon.info\" rel=\"external\">Rebellyon<\/a> (Lyon)<br \/>\n<a class=\"spip_out\" href=\"https:\/\/iaata.info\" rel=\"external\">Iaata<\/a> (Toulouse)<br \/>\n<a class=\"spip_out\" href=\"https:\/\/paris-luttes.info\" rel=\"external\">Paris-luttes<\/a> (Ile de France)<br \/>\n<a class=\"spip_out\" href=\"https:\/\/renverse.co\" rel=\"external\">Renvers\u00e9<\/a> (Suisse romande)<br \/>\n<a class=\"spip_out\" href=\"https:\/\/mars-infos.org\" rel=\"external\">Marseille Infos Autonomes<\/a> (Marseille)<br \/>\n<a class=\"spip_out\" href=\"https:\/\/brest.mediaslibres.org\" rel=\"external\">Bourrasque<\/a> (Brest)<br \/>\n<a class=\"spip_out\" href=\"https:\/\/lenumerozero.lautre.net\/\" rel=\"external\">Le Num\u00e9ro Z\u00e9ro<\/a> (Saint-\u00c9tienne)<br \/>\n<a class=\"spip_out\" href=\"https:\/\/expansive.info\" rel=\"external\">Expansive<\/a> (Rennes)<br \/>\n<a class=\"spip_out\" href=\"https:\/\/manif-est.info\" rel=\"external\">Manif-est<\/a> (Nancy et le Grand Est)<br \/>\n<a class=\"spip_out\" href=\"https:\/\/cric-grenoble.info\" rel=\"external\">Cric<\/a> (Grenoble)<br \/>\n<a class=\"spip_out\" href=\"https:\/\/barrikade.info\" rel=\"external\">Barrikade<\/a> (Suisse al\u00e9manique)<br \/>\n<a class=\"spip_out\" href=\"https:\/\/labogue.info\/?lang=fr\" rel=\"external\">La Bogue<\/a> (Limousin)<br \/>\n<a class=\"spip_out\" href=\"https:\/\/dijoncter.info\/\" rel=\"external\">Dijoncter<\/a> (Dijon)<br \/>\n<a class=\"spip_out\" href=\"https:\/\/basse-chaine.info\/\" rel=\"external\">Basse-Chaine<\/a> (Angers)<br \/>\n<a class=\"spip_out\" href=\"https:\/\/emrawi.org\/\" rel=\"external\">Emrawi<\/a> (Wien et alentours)<br \/>\n<a class=\"spip_out\" href=\"https:\/\/valleesenlutte.org\/\" rel=\"external\">Vall\u00e9es en Lutte<\/a> (Alpes du Sud)<br \/>\n<a class=\"spip_out\" href=\"https:\/\/stuut.info\" rel=\"external\">Stuut<\/a> (Bruxelles)<br \/>\n<a class=\"spip_out\" href=\"https:\/\/ricochets.cc\" rel=\"external\">Ricochets.cc<\/a> (Dr\u00f4me)<br \/>\n<a class=\"spip_out\" href=\"https:\/\/alter-vienne.info\" rel=\"external\">Alter-Vienne<\/a> (Vienne 38)<br \/>\n<a class=\"spip_out\" href=\"https:\/\/lagrappe.info\" rel=\"external\">La Grappe<\/a> (Bordeaux)<br \/>\n<a class=\"spip_out\" href=\"https:\/\/trognon.info\" rel=\"external\">Trognon.info<\/a> (Normandie)<br \/>\n<a class=\"spip_out\" href=\"https:\/\/rabasse.info\" rel=\"external\">Rabasse.info<\/a> (Franche Comt\u00e9)<\/p>\n","protected":false},"excerpt":{"rendered":"<p>Diffusion : flyA6 sur page A4 couleur fond blanc flyA6 sur page A4 couleur fond gris flyA6 sur page A4 noir et blanc fond blanc flyA6 sur page A4 noir et blanc fond gris Carte : https:\/\/contreimerys.gogocarto.fr\/ Association contre les &hellip; <a href=\"https:\/\/raslamine.noblogs.org\/?page_id=32\">Continuer la lecture <span class=\"meta-nav\">&rarr;<\/span><\/a><\/p>\n","protected":false},"author":19922,"featured_media":0,"parent":0,"menu_order":0,"comment_status":"closed","ping_status":"closed","template":"","meta":{"footnotes":""},"class_list":["post-32","page","type-page","status-publish","hentry"],"_links":{"self":[{"href":"https:\/\/raslamine.noblogs.org\/index.php?rest_route=\/wp\/v2\/pages\/32","targetHints":{"allow":["GET"]}}],"collection":[{"href":"https:\/\/raslamine.noblogs.org\/index.php?rest_route=\/wp\/v2\/pages"}],"about":[{"href":"https:\/\/raslamine.noblogs.org\/index.php?rest_route=\/wp\/v2\/types\/page"}],"author":[{"embeddable":true,"href":"https:\/\/raslamine.noblogs.org\/index.php?rest_route=\/wp\/v2\/users\/19922"}],"replies":[{"embeddable":true,"href":"https:\/\/raslamine.noblogs.org\/index.php?rest_route=%2Fwp%2Fv2%2Fcomments&post=32"}],"version-history":[{"count":17,"href":"https:\/\/raslamine.noblogs.org\/index.php?rest_route=\/wp\/v2\/pages\/32\/revisions"}],"predecessor-version":[{"id":1204,"href":"https:\/\/raslamine.noblogs.org\/index.php?rest_route=\/wp\/v2\/pages\/32\/revisions\/1204"}],"wp:attachment":[{"href":"https:\/\/raslamine.noblogs.org\/index.php?rest_route=%2Fwp%2Fv2%2Fmedia&parent=32"}],"curies":[{"name":"wp","href":"https:\/\/api.w.org\/{rel}","templated":true}]}}