{"id":26,"date":"2024-11-28T17:00:48","date_gmt":"2024-11-28T16:00:48","guid":{"rendered":"https:\/\/raslamine.noblogs.org\/?page_id=26"},"modified":"2025-11-12T17:47:07","modified_gmt":"2025-11-12T16:47:07","slug":"documentation","status":"publish","type":"page","link":"https:\/\/raslamine.noblogs.org\/?page_id=26","title":{"rendered":"Ressources"},"content":{"rendered":"<h2><strong>Cartogaphie :<br \/>\n<\/strong><\/h2>\n<ul>\n<li id=\"block-68\" class=\"widget widget_block widget_text\"><a href=\"https:\/\/camino.beta.gouv.fr\">https:\/\/camino.beta.gouv.fr<\/a> Un petit lien pour voir la cartographie des projets miniers et\/ou demande d&rsquo;autorisation en fRance.<\/li>\n<li class=\"widget widget_block widget_text\"><a href=\"https:\/\/www.google.com\/maps\/d\/viewer?mid=10mOLmxuN3tnk1QtzGsgEn8jO_e6Frzo&amp;femb=1&amp;ll=47.06539978433941%2C0.6328935499999755&amp;z=6\">les sites de l&rsquo;entreprise Imerys en fRance <\/a><\/li>\n<li><a href=\"https:\/\/contreimerys.gogocarto.fr\/map#\/carte\/@45.99,1.14,6z?cat=all\">https:\/\/contreimerys.gogocarto.fr<\/a> carte collaborative des projets d&rsquo;Imerys et des luttes en cours<\/li>\n<li><a href=\"https:\/\/umap.openstreetmap.fr\/fr\/map\/panoramine-activite-miniere-en-france_542755#7\/45.259\/-1.110\">panoramine<\/a> carte pas mise \u00e0 jour (2021) r\u00e9alis\u00e9e par Systext<\/li>\n<\/ul>\n<h2><strong><br \/>\nLivres :<\/strong><\/h2>\n<blockquote>\n<div class=\"et_pb_column et_pb_column_1_2 et_pb_column_1_tb_body et_pb_css_mix_blend_mode_passthrough\">\n<div class=\"et_pb_module et_pb_image et_pb_image_0_tb_body\">\n<p><strong>Mauvaises Mines, Combattre l&rsquo;industrie mini\u00e8re en France et dans le monde<\/strong><em><br \/>\nMathieu Brier et Na\u00efk\u00e9 Desquesnes<\/em><br \/>\n<em>Editions de la derni\u00e8re lettre, 2018<\/em><br \/>\n<em>Epuis\u00e9 \/ Quelques bouts accessibles<a href=\"https:\/\/shs.cairn.info\/mauvaises-mines--9782748903621?lang=fr\"> ici<\/a><br \/>\n<\/em>\u00ab\u00a0Argent dans la Sarthe, antimoine en Vend\u00e9e, or dans la Creuse, tungst\u00e8ne en Ari\u00e8ge\u2026 le sous-sol fran\u00e7ais rec\u00e8lerait bien des tr\u00e9sors. Depuis quelques ann\u00e9es, de nombreux permis exclusifs de recherche (PER) sont octroy\u00e9s \u00e0 quelques aventuriers de l\u2019industrie <span class=\"text_exposed_show\">mini\u00e8re. Objectif affich\u00e9 : fournir en m\u00e9taux le monde de demain, ses grands projets d\u2019infrastructures, son march\u00e9 de l\u2019armement, sa \u00ab\u00a0croissance verte\u00a0\u00bb faite d\u2019une multitude d\u2019objets high-tech, de voitures \u00e9lectriques et de parcs \u00e9oliens.<br \/>\n<\/span><span class=\"text_exposed_show\">Non sans humour, les huit courts chapitres de cet ouvrage document\u00e9 d\u00e9voilent les menaces du \u00ab renouveau minier \u00bb fran\u00e7ais, les pollutions qu\u2019il implique, ses faux-semblants \u00e9cologiques et ses tentatives d\u2019\u00e9chapper au d\u00e9bat public. <\/span><span class=\"text_exposed_show\">Du Pays basque \u00e0 la Bretagne en passant par la Guyane, les r\u00e9sistances et les propositions d\u2019alternatives se multiplient. Ce livre est un appel \u00e0 les rejoindre.\u00a0\u00bb<br \/>\n<\/span><em><em>&#8212;&#8212;&#8212;&#8212;&#8212;&#8212;&#8212;&#8211;<\/em><\/em><\/p>\n<p><strong><a href=\"https:\/\/raslamine.noblogs.org\/files\/2024\/12\/la-guerre-du-sous-sol.pdf\">La guerre du sous sol. Le champ de batail des mati\u00e8res premi\u00e8res<\/a><br \/>\n<\/strong><em>Edition Hourriya [cahiers anarchistes internationalistes]<\/em><br \/>\n<a href=\"https:\/\/hourriya.noblogs.org\/\"><em>https:\/\/hourriya.noblogs.org\/\u00a0<\/em><\/a><br \/>\n\u00ab\u00a0L\u2019exploitation des mati\u00e8res premi\u00e8res constitue peut-\u00eatre l\u2019un des aspects mat\u00e9riels les plus crus du pouvoir au vu de la d\u00e9vastation qu\u2019elle provoque, mais elle r\u00e9v\u00e8le aussi profond\u00e9ment les rapports sociaux qui sont \u00e0 la base de \u00ab cette marche du progr\u00e8s \u00bb. Ces pages se focalisent en effet sur ses nerfs \u00e0 vif, sur les racines par lesquelles coulent des substances dont la domination se nourrit pour continuer \u00e0 s\u2019\u00e9tendre et \u00e0 accro\u00eetre sa puissance. Ces racines qui p\u00e9n\u00e8trent profond\u00e9ment dans le ventre de la terre, qui chambardent la plan\u00e8te, l\u2019intoxiquent, la surchauffent, la ravagent. D\u2019innombrables \u00eatres humains et non humains sont sacrifi\u00e9s chaque jour \u2014 r\u00e9duits en esclavage, empoisonn\u00e9s, extermin\u00e9s, tu\u00e9s par des armes toujours plus puissantes et sophistiqu\u00e9es \u2014 pour la possession de ces \u00e9l\u00e9ments du sous-sol, piliers fondamentaux de l\u2019\u00e9difice mondial de l\u2019exploitation. Si la machine d\u00e9vastatrice est fortement d\u00e9pendante de l\u2019extraction du charbon, du gaz, du p\u00e9trole, des minerais,\u2026 cela donne lieu \u00e0 des guerres, des conflits sanguinaires, mais aussi \u00e0 des luttes et des r\u00e9voltes aux quatre coins du globe.\u00a0\u00bb<br \/>\n&#8212;&#8212;&#8212;&#8212;&#8212;&#8212;&#8212;&#8211;<\/p>\n<\/div>\n<\/div>\n<p class=\"f-productHeader__heading\" data-automation-id=\"product-title-label\"><strong>Ni or ni ma\u00eetre : montagne d\u2019or et consorts<\/strong><em><br \/>\nLes \u00e9ditions du Couac, 2019<\/em><br \/>\n\u00ab\u00a0Avec l&rsquo;intention de nuire \u00e0 la Montagne d&rsquo;or et au monde qui en a besoin, cet ouvrage est \u00e9crit par des individus profond\u00e9ment hostiles \u00e0 toutes formes d&rsquo;autoritarisme. C&rsquo;est avec cette sensibilit\u00e9 que sont abord\u00e9s la conqu\u00eate du sous-sol de la Guyane r\u00e9put\u00e9e riche en or, son sol, sa g\u00e9ographie, ses populations et multiples r\u00e9alit\u00e9s sociales.<br \/>\nVoyageant de ronds-points en villages, de bureaux d&rsquo;\u00e9tudes en sites miniers, c&rsquo;est une part de ce pays et de ses complexit\u00e9s qui tente d\u00eatre mise en mots avant de tirer les fils d&rsquo;un entrelacs macabre : ceux de l&rsquo;extraction mini\u00e8re qui s&rsquo;intensifie sur ce territoire.\u00a0\u00bb<br \/>\n&#8212;&#8212;&#8212;&#8212;&#8212;&#8212;&#8212;&#8211;<\/p>\n<p class=\"f-productHeader__heading\" data-automation-id=\"product-title-label\"><strong>Extractivisme<\/strong><br \/>\n<em>Anna Bednik<\/em><br \/>\n<em>Editions Le Passager Clandestin, 2019<br \/>\n<\/em>\u00ab\u00a0Une enqu\u00eate exceptionnelle sur l&rsquo;intensification constante de l&rsquo;exploitation massive de la nature ! Une mine d&rsquo;information sur l&rsquo;extractivisme et son cort\u00e8ge de bouleversements environnementaux et sociaux, pour comprendre les multiples facettes de l&rsquo;entreprise de pr\u00e9dation et de destruction men\u00e9e \u00e0 travers la plan\u00e8te. Ce livre r\u00e9f\u00e9rence, unanimement salu\u00e9 par la presse \u00e0 sa sortie en 2016, a contribu\u00e9 \u00e0 faire conna\u00eetre le ph\u00e9nom\u00e8ne en France. Les \u00ab fronti\u00e8res extractives \u00bb, les limites g\u00e9ographiques et technologiques de cette activit\u00e9 sur la plan\u00e8te, sont sans cesse repouss\u00e9es par le capitalisme industriel. L&rsquo;extractivisme ne renvoie pas qu&rsquo;\u00e0 l&rsquo;extraction \u00e0 outrance des ressources naturelles non renouvelables &#8211; minerais et hydrocarbures -, il concerne aussi les grands projets hydro\u00e9lectriques, l&rsquo;agriculture industrielle, les monocultures foresti\u00e8res, la p\u00eache intensive&#8230; Une activit\u00e9 indiff\u00e9rente \u00e0 ses effets destructeurs pour les peuples, la biodiversit\u00e9 et la sauvegarde de la Terre.\u00a0\u00bb<br \/>\n&#8212;&#8212;&#8212;&#8212;&#8212;&#8212;&#8212;&#8211;<\/p>\n<p><strong>L&rsquo;or n\u00e8gre<\/strong><br \/>\n<em>Camille de Vitry avec les ressortissant-e-s de Sadiola<\/em><br \/>\n<em>Edition tahin party, 2009<br \/>\n\u00ab\u00a0Voici le r\u00e9cit vrai, v\u00e9cu et romanc\u00e9, d&rsquo;une enqu\u00eate acharn\u00e9e sur la gigantesque mine d&rsquo;or de Sadiola au Mali. Le site du th\u00e9\u00e2tre de toute les pr\u00e9dations : conditions de travail souvent mortelles des ouvriers de l&rsquo;exploitation ; contamination des eaux et des sols par les d\u00e9chets cyanur\u00e9s ; extermination lente des populations locales ; financement \u00e0 grands coups d&rsquo;Aide publique au d\u00e9veloppement&#8230;<br \/>\nSans parler du Vol, pur et simple.\u00a0\u00bb<\/em><br \/>\n&#8212;&#8212;&#8212;&#8212;&#8212;&#8212;&#8212;<\/p>\n<p><strong>La Ru\u00e9e mini\u00e8re au XXIe si\u00e8cle, Enqu\u00eate sur les m\u00e9taux \u00e0 l&rsquo;\u00e8re de la transition<\/strong><em><br \/>\nCelia Izoard<\/em><br \/>\n<em>Edition Seuil, 2024<br \/>\n<\/em>\u00ab\u00a0Une nouvelle ru\u00e9e mini\u00e8re d&rsquo;une ampleur in\u00e9dite a commenc\u00e9. Au nom de la lutte contre le r\u00e9chauffement climatique, il faudrait produire en vingt ans autant de m\u00e9taux qu\u2019on en a extrait au cours de toute l\u2019histoire de l\u2019humanit\u00e9. Ru\u00e9e sur le cuivre en Andalousie, extraction de cobalt au Maroc, guerre des ressources en Ukraine, cette enqu\u00eate sur des sites miniers du monde entier r\u00e9v\u00e8le l\u2019impasse et l&rsquo;hypocrisie de cette \u00ab transition \u00bb extractiviste.<br \/>\nEn analysant la nouvelle g\u00e9opolitique mini\u00e8re, Celia Izoard met au jour un autre enjeu : r\u00e9pondre aux besoins en m\u00e9taux colossaux du num\u00e9rique, de l\u2019a\u00e9rospatiale ou de l\u2019armement, dans un monde o\u00f9 les industries occidentales rivalisent avec les superpuissances des ressources que sont devenues la Chine et la Russie.<br \/>\nSous la banni\u00e8re de la \u00ab civilisation \u00bb, du \u00ab d\u00e9veloppement \u00bb, la mine a jou\u00e9 un r\u00f4le structurant dans l\u2019expansion du capitalisme. \u00c0 l&rsquo;\u00e8re de la \u00ab transition \u00bb, comment d\u00e9passer ce r\u00e9gime minier auquel les \u00e9lites ont suspendu notre destin ?\u00a0\u00bb<br \/>\n&#8212;&#8212;&#8212;&#8212;&#8212;&#8212;&#8212;<\/p>\n<p><strong>Congo Eteint, Variations min\u00e9rales autour de <em>Kasulo<\/em><\/strong><em><br \/>\nCollectif<\/em><br \/>\n<em>Edition Petites singularit\u00e9s, 2024<br \/>\n<\/em><em>Congo \u00c9teint<\/em> est un recueil de nouvelles \u00e9crites par sept autaires lushois \u00e0 partir d\u2019une r\u00e9sidence d\u2019\u00e9criture conduite par <a class=\"mention\" href=\"https:\/\/ps.zoethical.org\/u\/natacha\">@natacha<\/a> sur l\u2019invitation des Ateliers Picha \u00e0 Lubumbashi en novembre 2023. <em>Variations min\u00e9rales autour de Kasulo<\/em>, elles mettent en sc\u00e8ne les affres de la vie quotidienne dans la r\u00e9gion mini\u00e8re du Katanga d\u2019o\u00f9 proviennent les m\u00e9taux (cuivre et cobalt notamment) indispensables \u00e0 nos technologies num\u00e9riques, ainsi que les luttes pour la dignit\u00e9 qui en r\u00e9sultent. Ces nouvelles originales, \u00e9crites par des habitanz (\u00e9crivans, journalistes, scientifiques et artistes), engagent la colonisation et sa poursuite par d\u2019autres moyens, la dangerosit\u00e9 et l\u2019exploitation impitoyable, mais aussi les traditions et les espoirs de la lutte en solidarit\u00e9 pour la souverainet\u00e9 et le respect des travaillaires.<\/p><\/blockquote>\n<h2><strong>Brochures :<\/strong><\/h2>\n<blockquote>\n<ul>\n<li><a href=\"https:\/\/raslamine.noblogs.org\/files\/2024\/11\/Brochure_les-bas-fonds-du-capital-16p-fil-1.pdf\"><strong>Les bas fonds du capital. L&rsquo;\u00e9ternel retour de l&rsquo;<\/strong><br \/>\n<strong>Eldorado. ( \u00e0 propos d&rsquo;extraction mini\u00e8re)<\/strong><\/a><br \/>\n<em>Texte paru \u00e0 l\u2019origine en 2018 dans le Z, revue itin\u00e9rante d\u2019enqu\u00eate et de critique sociale, n\u00b012 sur la Guyane. Texte : Celia Izoard,\u00a0 Illustrations : Laura PandelleMis en page brochure en juin 2019.<\/em><br \/>\n&#8212;&#8212;&#8212;&#8212;&#8212;&#8212;&#8212;&#8211;<\/li>\n<li><strong><a href=\"https:\/\/raslamine.noblogs.org\/files\/2024\/11\/Brochure_uranium_de_la_francafrique-fil-2020-12p-2.pdf\">L\u2019URANIUM DE LA FRAN\u00c7AFRIQUE, Voyage au Pays des dunes et des Becquerels<\/a><\/strong><em><br \/>\nTexte publi\u00e9 dans Z, revue d\u2019enqu\u00eate et de critique sociale, n 13, \u00ab Rouen, fum\u00e9es noires et gilets jaunes \u00bb, publi\u00e9 en printemps 2020. Textes et entretiens : Naike Desquesnes, Aude Vidal, Dessins : Naike Desquesnes<\/em><br \/>\n&#8212;&#8212;&#8212;&#8212;&#8212;&#8212;&#8212;&#8211;<\/li>\n<li><a href=\"https:\/\/raslamine.noblogs.org\/files\/2025\/06\/enrayer_la_machine_pageparpage-2.pdf\"><strong>Enrayer la machine extractiviste<\/strong><\/a><em><em><br \/>\n<\/em><\/em><em>Ces modestes pages s\u2019adressent aussi bien \u00e0 qui s\u2019int\u00e9resse d\u00e9j\u00e0 \u00e0 l\u2019extractivisme qu\u2019\u00e0 n\u2019importe qui d\u2019autre n\u2019ayant qu\u2019une vague connaissance du sujet, et ne contiennent d\u2019ailleurs pas de d\u00e9finition de ce terme si propice au b\u00e9gaiement autant qu\u2019aux fautes de frappes.<br \/>\nPour commencer donc, des textes \u00e9crits depuis l\u2019Italie, la plupart extraits de La Megamacchina devastatrice, publi\u00e9 \u00e0 l\u2019occasion de deux journ\u00e9es contre l\u2019extractivisme et le monde qui en a besoin, au squat Bencivenga \u00e0 Rome, les 16 et 17 d\u00e9cembre 2023.<\/em><br \/>\n<em>Suivent quelques br\u00e8ves du d\u00e9sordre des quinze derni\u00e8res ann\u00e9es, en esp\u00e9rant qu\u2019elles puissent donner le sourire \u2013 pas celui \u00ab de l\u2019arrogance industrielle \u00bb, mais celui offert par la malice et l\u2019inspiration \u2013 \u00e0 celles et ceux qui cherchent quelques bouff\u00e9es d\u2019air dans l\u2019ambiance irrespirable du moment.<br \/>\n<\/em>&#8212;&#8212;&#8212;&#8212;&#8212;&#8212;&#8212;&#8211;<\/li>\n<\/ul>\n<\/blockquote>\n<h2><strong>Podcasts :<\/strong><\/h2>\n<blockquote>\n<ul>\n<li><a href=\"https:\/\/hearthis.at\/radiopikez\/dpedp21-nominaran-1\/\"><strong>Du pain et des parpaings<\/strong><\/a>, <em>\u00e9mission de radio sur la\u00a0\u00bbcarri\u00e8re\u00a0\u00bb de Glomel, dans le centre-bretagne<\/em><br \/>\n&#8212;&#8212;&#8212;&#8212;&#8212;&#8212;&#8212;&#8211;<\/li>\n<li><strong>\u00a0<\/strong><a href=\"https:\/\/audioblog.arteradio.com\/blog\/157476\/podcast\/227080\/saison-iv-e-p14-no-a-la-mineria-equateur\"><strong>Saison IV \u2022 EP14 \u2022 \u00a1 No a la Mineria ! \/ Equateur<\/strong>,<\/a><em> sur la r\u00e9sistance contre des projets miniers en Equateur<\/em><br \/>\n&#8212;&#8212;&#8212;&#8212;&#8212;&#8212;&#8212;&#8211;<\/li>\n<li>\u00a0<a href=\"https:\/\/audioblog.arteradio.com\/blog\/157476\/podcast\/225891\/saison-iv-e-p13-no-a-la-mineria-panama\"><strong>Saison IV \u2022 EP13 \u2022 \u00a1 No a la Mineria ! \/ Panama<\/strong>,<\/a> <em>sur les manifestations contre une mine de cuivre avec l&rsquo;enjeu de bannir l&rsquo;industrie mini\u00e8re du Panama<\/em><br \/>\n&#8212;&#8212;&#8212;&#8212;&#8212;&#8212;&#8212;&#8211;<\/li>\n<li><a href=\"http:\/\/vivelasociale.org\/images\/emission-radio-vive-la-sociale\/2025\/25-04-03-vls-stop-micro-congo-canada-2.mp3\"><strong>Guerres des m\u00e9taux rares au Congo<\/strong><\/a> <em>sur le d\u00e9veloppement de l\u2019industrie des micro-processeurs ainsi que le d\u00e9veloppement de la num\u00e9risation et de l\u2019\u00e9lectrification des v\u00e9hicules qui ont pr\u00e9c\u00e9d\u00e9s la manifestation du 30 mars contre l\u2019extension de l\u2019usine STMicroelectronics pr\u00e8s de Grenoble<\/em><br \/>\n&#8212;&#8212;&#8212;&#8212;&#8212;&#8212;&#8212;&#8211;<\/li>\n<li><strong><a href=\"https:\/\/www.prun.net\/emission\/5Xg3-curiocite\/nREN-lutte-contre-lextractivisme-colere\">Lutte contre l&rsquo;extractivisme \/ COLERE<\/a><\/strong><em> entretien avecGr\u00e9gory et Jean-Luc, membres du <a href=\"https:\/\/www.facebook.com\/collectifcamil\/\/\">CAMIL<\/a> et du <a href=\"https:\/\/www.carrieretahun.com\/\">Collectif Carri\u00e8re du Tahun<\/a>, nous parlent du projet de Carri\u00e8re de roche du Tahun et son impact social et environnemental et des luttes<\/em><\/li>\n<\/ul>\n<\/blockquote>\n<h2><strong>Films :<\/strong><\/h2>\n<blockquote>\n<ul>\n<li><strong>A savana e a montanha<\/strong>,\u00a0<em>film documentaire de Paulo Carneiro et Alex Piperno, 2024<\/em><br \/>\n&#8212;&#8212;&#8212;&#8212;&#8212;&#8212;&#8212;&#8211;<\/li>\n<li><a href=\"https:\/\/vimeo.com\/579971152\"><strong>En el nombre del Litiu<\/strong><\/a>, <em>film documentaire de Tian Cartier et Martin Longo, 76 min, 2021[pour r\u00e9cup\u00e9rer un fichier vid\u00e9o d&rsquo;internet il existe <a href=\"https:\/\/www.downloadhelper.net\/howto?firefox=1\">DownloadHelper<\/a> \u00e0 <a href=\"https:\/\/addons.mozilla.org\/en-US\/firefox\/addon\/video-downloadhelper\/\">installer en extension<\/a> sur le navigateur firefox]<a href=\"https:\/\/raslamine.noblogs.org\/files\/2025\/03\/FrancaisEn-el-nombre-del-litio.srt.txt\">[Francais]En-el-nombre-del-litio.srt<\/a> [pour avoir le fichier en .srt : clique droit sur le lien puis enregistrer la cible du lien sous]<\/em><br \/>\n&#8212;&#8212;&#8212;&#8212;&#8212;&#8212;&#8212;&#8211;<\/li>\n<li><strong>La colere dans le vent<\/strong>,<em> film documentaire d&rsquo;Amina Weira, 54 min, 2016, Niger\/B\u00e9nin\/France<\/em><br \/>\n<em>\u00a0\u00bb<\/em>Dans ma ville d\u2019origine Arlit, au Nord du Niger, Areva exploite l\u2019uranium depuis 1976. Aujourd\u2019hui, une bonne partie de cette r\u00e9gion, balay\u00e9e par les vents de sable, est contamin\u00e9e. Mon p\u00e8re, travailleur de la mine d\u2019uranium en retraite, est au c\u0153ur de ce film. Il d\u00e9poussi\u00e8re ses souvenirs, les trente-cinq ann\u00e9es de son passage \u00e0 la mine. Gr\u00e2ce \u00e0 lui, je vais \u00e0 la rencontre d\u2019autres anciens travailleurs et des plus jeunes qui ont certainement leur mot \u00e0 dire.<em>\u00a0\u00bb<br \/>\n&#8212;&#8212;&#8212;&#8212;&#8212;&#8212;&#8212;&#8211;<\/em><\/li>\n<li><a href=\"https:\/\/www.arte.tv\/fr\/videos\/115071-000-A\/des-mines-vertes-une-solution-a-la-crise-climatique\/\"><strong>Des mines vertes, une solution \u00e0 la crise climatique<\/strong><\/a><em>,<\/em> <em>film documentaire de Linda Osusky et Monika Grassl, 90 min, 2024, Autriche<\/em><br \/>\n<em>L&rsquo;extraction mini\u00e8re peut-elle \u00eatre \u00e9coresponsable ? Des lieux de pouvoir aux r\u00e9gions scarifi\u00e9es par les sites existants, enqu\u00eate dans une Europe pr\u00eate \u00e0 ouvrir de nouvelles mines au nom de la transition \u00e9cologique.<br \/>\n&#8212;&#8212;&#8212;&#8212;&#8212;&#8212;&#8212;&#8211;<br \/>\n<\/em><\/li>\n<li><a href=\"https:\/\/sub.media\/system-fail-23-life-over-lithium\/\"><strong>System fail 23 : life over lithium<\/strong><\/a> <em><em>court-m\u00e9trage de subM\u00e9dia, 12 min, 2023<br \/>\n<\/em><\/em><\/p>\n<div class=\"module--translations-translatedtext js-module--translations-translatedtext is-placeholder\" data-size=\"s\"><em>Ce petit film informe sur la tournure mortif\u00e8re de l&rsquo;extractivisme et des luttes en cours. A Peehee Mu&rsquo;huh, \u00e9galement connu sous le nom de Thacker Pass, au Nevada, un camp de femmes autochtones Ox Sam s&rsquo;est oppos\u00e9 \u00e0 la construction de ce qui serait la plus grande mine de lithium d&rsquo;Am\u00e9rique du Nord. Et dans le soi-disant P\u00e9rou, des autochtones se sont empar\u00e9s de p\u00e9troliers dans une autre flamb\u00e9e des tensions en cours avec la compagnie p\u00e9troli\u00e8re canadienne PetrolTal.<\/em><\/div>\n<\/li>\n<\/ul>\n<\/blockquote>\n","protected":false},"excerpt":{"rendered":"<p>Cartogaphie : https:\/\/camino.beta.gouv.fr Un petit lien pour voir la cartographie des projets miniers et\/ou demande d&rsquo;autorisation en fRance. les sites de l&rsquo;entreprise Imerys en fRance https:\/\/contreimerys.gogocarto.fr carte collaborative des projets d&rsquo;Imerys et des luttes en cours panoramine carte pas mise &hellip; <a href=\"https:\/\/raslamine.noblogs.org\/?page_id=26\">Continuer la lecture <span class=\"meta-nav\">&rarr;<\/span><\/a><\/p>\n","protected":false},"author":19922,"featured_media":0,"parent":0,"menu_order":0,"comment_status":"closed","ping_status":"closed","template":"","meta":{"footnotes":""},"class_list":["post-26","page","type-page","status-publish","hentry"],"_links":{"self":[{"href":"https:\/\/raslamine.noblogs.org\/index.php?rest_route=\/wp\/v2\/pages\/26","targetHints":{"allow":["GET"]}}],"collection":[{"href":"https:\/\/raslamine.noblogs.org\/index.php?rest_route=\/wp\/v2\/pages"}],"about":[{"href":"https:\/\/raslamine.noblogs.org\/index.php?rest_route=\/wp\/v2\/types\/page"}],"author":[{"embeddable":true,"href":"https:\/\/raslamine.noblogs.org\/index.php?rest_route=\/wp\/v2\/users\/19922"}],"replies":[{"embeddable":true,"href":"https:\/\/raslamine.noblogs.org\/index.php?rest_route=%2Fwp%2Fv2%2Fcomments&post=26"}],"version-history":[{"count":44,"href":"https:\/\/raslamine.noblogs.org\/index.php?rest_route=\/wp\/v2\/pages\/26\/revisions"}],"predecessor-version":[{"id":1265,"href":"https:\/\/raslamine.noblogs.org\/index.php?rest_route=\/wp\/v2\/pages\/26\/revisions\/1265"}],"wp:attachment":[{"href":"https:\/\/raslamine.noblogs.org\/index.php?rest_route=%2Fwp%2Fv2%2Fmedia&parent=26"}],"curies":[{"name":"wp","href":"https:\/\/api.w.org\/{rel}","templated":true}]}}