{"id":21,"date":"2025-10-23T17:00:43","date_gmt":"2025-10-23T15:00:43","guid":{"rendered":"https:\/\/raslamine.noblogs.org\/?page_id=21"},"modified":"2025-10-23T12:16:12","modified_gmt":"2025-10-23T10:16:12","slug":"contact","status":"publish","type":"page","link":"https:\/\/raslamine.noblogs.org\/?page_id=21","title":{"rendered":"Contact"},"content":{"rendered":"<p>Formulaire de contact.<\/p>\n<p>Pour plus de s\u00e9curit\u00e9 :<\/p>\n<ul>\n<li>utilisez le navigateur TOR Browser<\/li>\n<li>si il n&rsquo;y a pas besoin de vous contacter, vous pouvez remplir le champ d&rsquo;adresse mail avec n&rsquo;importe quoi<\/li>\n<li>Tu peux aussi, si le formulaire ne marche pas, envoyer un mail \u00e0 raslamine@riseup.net (moins s\u00e9curis\u00e9 que le formulaire)<\/li>\n<\/ul>\n<p><code><div class=\"secure-form\"><div id=\"message-group\" class=\"form-group\"><label for=\"message\">Message<\/label><textarea id=\"message\" name=\"message\" rows=\"5\"><\/textarea><\/div><form id=\"sform\" method=\"post\"><div id=\"subject-group\" class=\"form-group\"><label for=\"subject\">Subject<\/label><input type=\"text\" id=\"subject\" name=\"subject\"><\/div><div id=\"name-group\" class=\"form-group\"><label for=\"name\">Your name<\/label><input type=\"text\" id=\"name\" name=\"name\"><\/div><div id=\"email-group\" class=\"form-group\"><label for=\"email\">Your email<\/label><input type=\"text\" id=\"email\" name=\"email\"><\/div><input type=\"hidden\" id=\"encryptedMessage\" name=\"encryptedMessage\"><input type=\"submit\" name=\"submit\" value=\"Submit\"><\/form><\/div><\/code><\/p>\n<p>&nbsp;<\/p>\n<p>Cl\u00e9 PGP :<\/p>\n<p><code>-----BEGIN PGP PUBLIC KEY BLOCK-----<\/code><\/p>\n<p>mQGNBGZZCLEBDACliTqCziXD3cdjOJfaBuj5oTaSPBt+4fE762y\/UJuKLi9U1k9J<br \/>\np8MDjMxZAZZzrRwMTHcc62ifpzsP9QTLYAJxQBGYka0EM7G7MVKOht6VPymtnSuX<br \/>\ngcJ2ua9rfLxhA9Wtmvipi7wpNEMLGGWUSyKm+d0gyLBzECyPNX1j0Ipioem16HFP<br \/>\nqhjpX\/So7UveaWJGPDGsQX+stSl48m6h7owp\/HJgVE+p19vuxZKKShz6sL3d5\/oh<br \/>\nr0WG4xDT30iT4xzeE7GfjxozqkYl2MmR2\/EyEnhhYmXuVKMq8UObY5+wQ3JNCFP7<br \/>\nBqVtWdJfO93MWjgtJLQwiv1BZ+CGg0ZAI+4Tn+mYV2RoTr2FWZOtZAtQyM9mYGmx<br \/>\nFQPT0r7Uv4DFfwqXn9nSwI6YAkRW98B2eXncKiZhJKqd6cWxMAtYMiEIpirQ5ASM<br \/>\nw1yMJjlZj05mmxqkgq6LRjQ3flndKgHlWQxmFfoLfVJ\/ag+\/F7bT95cTGfk2u1p4<br \/>\nt1zyRIaiZGWJbQcAEQEAAbQiUmFzIGxhIG1pbmUgPHJhc2xhbWluZUByaXNldXAu<br \/>\nbmV0PokB1AQTAQoAPhYhBHYDngfputWgHKsChxngAAGCi8cVBQJmWQixAhsDBQkD<br \/>\nwciPBQsJCAcDBRUKCQgLBRYCAwEAAh4BAheAAAoJEBngAAGCi8cVfZ0L\/1JE6gHr<br \/>\nS84h+DqewLghZuOk32JbrzUMRm\/N+T+fQPOUE63vUzqTPYFuBJhQPag14t6kd5f3<br \/>\n3KS\/KiG4MJfm+tnpSqS1K3Kf\/Po8abym86S5WQIO26p1MvrL5Kk1fzcwEVsjxRtS<br \/>\nfAm17Yc5bB0aN+130E31ibN5RuNk087OMP7Zp9zS9g21JqEOJW05Hs6v91ut7h49<br \/>\n\/dWLio\/RDnlaqpdbm6ihuzRJwPN0cKciQS8eViW1MgtwDLWquMIs7qrluJ+nCSzL<br \/>\nmtNWmGEYKP5PrpqVwpYzYJr37WmT5L6sm1HoR1oKKn\/ssSgj+ehTkpo67wgjX2Kk<br \/>\nFfwGO4U+XOUrjMDmPDE46V88nrZcefePtrBalQXYsoAGDw4EBY0KIwsNVwA+yUVJ<br \/>\nIyqyMnltxXQrOcfsVGtMJXSpNriuFtrQKJet3HbjPvH94ks1AR8AB2GddeVjinWY<br \/>\nW6Qwbx7Zg5tMXtA4ime+hSZRhxf8hzhXfqsg2WIMwqj69E03ZDJo\/vZmdLkBjQRm<br \/>\nWQixAQwAzl8EgYEW3KaBNVmATAzjK9xmig9PyNfrb\/ZP9FAP7sf1f5uqWKIodaPb<br \/>\nAeRPUjTQVPxmLcQ1MydCzyDIL\/B8vKczuB8oGaHIwRE5hMKTN2e3eHi0Phkv1m2y<br \/>\nwPuCCcCTQgiCsXkTVf5lEM5KCEjljyoAfq+GKSrQCFW9aXb2HKfihLvZt4ipoG5H<br \/>\nWX6qSg\/MdmgGmXP25JG2kG3j2I5fUbKoC0442B8n4nxCZIt5wexAo9uweztBmr5+<br \/>\nw50lQRGIv2eZeM4ocdvsBuldbooskBWJi9C+b+ncVl4pYH1mR20vR+w5AJJoNUVi<br \/>\njmh1BY8FEQXul\/qwlhwdkZ742Hi8JjnSuLkglcIUOn5qWY4LGBdCepHc6f12l\/TC<br \/>\nW7XpfIXAz+VmaGLSs4F6LErhK9px6T6WPSjoDEwdBt7w6hvw1kSnsK74Ja3k0FWB<br \/>\nPvCVzFfow14YEfM920+MMVupFgeK2XJR23MqEtY38kIbpGE6UzL0gwHw47HPk0oC<br \/>\nAhDbM2vjABEBAAGJAbwEGAEKACYWIQR2A54H6brVoByrAocZ4AABgovHFQUCZlkI<br \/>\nsQIbDAUJA8HIjwAKCRAZ4AABgovHFUhgC\/46KVGXf0cV986HtPiMGoTYfPc6+EXh<br \/>\nlmmV1gXpO36QHU3q9cCMxemoMUd9pU+VbtoJeapn4LsU4V5HaPoBH7uC58GMeoC2<br \/>\ngsKamF5eRPIe0Khzjsl\/6HK3qT0muqoM6XNSSF58getVVSGoD4jJzGnVbqDG2FcV<br \/>\nCGUK+CeHJ+KhUgbneNxPCBEgbSob83McnwaB1xApp\/bpG1MDFjYtZKZlnS6Hbefk<br \/>\naZ0Z7UqHy6ILlZrabiUH1fcHzBHltqw57WfevuWxChVVSAJ6R5UHaWTZY2\/JyGWo<br \/>\niDI\/AA7JJMMxozO6Dt9Rt\/5CggTUciLDmP2KjGjER0ON9PZ7PFpzRygjfIdypE1f<br \/>\nfmT90D8+eeRNOTI91ufbUrIhn1h+yXwrH9dU7ENJ5pO4TFLfXyirS591w68dJP1D<br \/>\nc9\/rArTCMEBAq9yKoKNQ7cY4ya0XPjbQMvwaBkCXBMxUxZH957oloXvGuxqLRJ8Y<br \/>\nuNUdRG+NvSYKUaptHvMp\/hPGmUjmNpkgPWo=<br \/>\n=pQDp<br \/>\n<code>-----END PGP PUBLIC KEY BLOCK-----<\/code><\/p>\n","protected":false},"excerpt":{"rendered":"<p>Formulaire de contact. Pour plus de s\u00e9curit\u00e9 : utilisez le navigateur TOR Browser si il n&rsquo;y a pas besoin de vous contacter, vous pouvez remplir le champ d&rsquo;adresse mail avec n&rsquo;importe quoi Tu peux aussi, si le formulaire ne marche &hellip; <a href=\"https:\/\/raslamine.noblogs.org\/?page_id=21\">Continuer la lecture <span class=\"meta-nav\">&rarr;<\/span><\/a><\/p>\n","protected":false},"author":19922,"featured_media":0,"parent":0,"menu_order":0,"comment_status":"closed","ping_status":"closed","template":"","meta":{"footnotes":""},"class_list":["post-21","page","type-page","status-publish","hentry"],"_links":{"self":[{"href":"https:\/\/raslamine.noblogs.org\/index.php?rest_route=\/wp\/v2\/pages\/21","targetHints":{"allow":["GET"]}}],"collection":[{"href":"https:\/\/raslamine.noblogs.org\/index.php?rest_route=\/wp\/v2\/pages"}],"about":[{"href":"https:\/\/raslamine.noblogs.org\/index.php?rest_route=\/wp\/v2\/types\/page"}],"author":[{"embeddable":true,"href":"https:\/\/raslamine.noblogs.org\/index.php?rest_route=\/wp\/v2\/users\/19922"}],"replies":[{"embeddable":true,"href":"https:\/\/raslamine.noblogs.org\/index.php?rest_route=%2Fwp%2Fv2%2Fcomments&post=21"}],"version-history":[{"count":10,"href":"https:\/\/raslamine.noblogs.org\/index.php?rest_route=\/wp\/v2\/pages\/21\/revisions"}],"predecessor-version":[{"id":1084,"href":"https:\/\/raslamine.noblogs.org\/index.php?rest_route=\/wp\/v2\/pages\/21\/revisions\/1084"}],"wp:attachment":[{"href":"https:\/\/raslamine.noblogs.org\/index.php?rest_route=%2Fwp%2Fv2%2Fmedia&parent=21"}],"curies":[{"name":"wp","href":"https:\/\/api.w.org\/{rel}","templated":true}]}}