{"id":1359,"date":"2026-02-15T17:00:22","date_gmt":"2026-02-15T16:00:22","guid":{"rendered":"https:\/\/raslamine.noblogs.org\/?page_id=1359"},"modified":"2026-02-11T18:04:30","modified_gmt":"2026-02-11T17:04:30","slug":"attaquer-se-proteger","status":"publish","type":"page","link":"https:\/\/raslamine.noblogs.org\/?page_id=1359","title":{"rendered":"attaquer \/ se prot\u00e9ger"},"content":{"rendered":"<p><strong>Se prot\u00e8ger sur internet :<br \/>\n<\/strong>&gt; <a href=\"https:\/\/guide.boum.org\/\">Guide d\u2019Autod\u00e9fense Num\u00e9rique (guide.boum.org)<\/a><br \/>\n<em>Face \u00e0 ces constats, la seule voie praticable semble \u00eatre de devenir capables d\u2019imaginer et de mettre en place des politiques et des strat\u00e9gies de r\u00e9duction des risques ad\u00e9quates.<\/em><br \/>\n<em>Tout l\u2019enjeu de ce guide est de fournir cartes et boussole \u00e0 quiconque veut cheminer sur cette route. Un livre \u00e0 lire, relire, pratiquer, en solitaire ou \u00e0 plusieurs, \u00e0 faire d\u00e9couvrir et \u00e0 partager\u2026 ou comment affiner l\u2019art de la navigation dans les eaux troubles du monde num\u00e9rique.<br \/>\n&gt; <\/em>Prot\u00e9gez-vous contre le suivi \u00e0 la trace, la surveillance et la censure. Utilisez le navigateur <a href=\"https:\/\/www.torproject.org\/fr\/download\/\">Tor Browser<\/a> pour aller sur internet<br \/>\n&gt; <span class=\"hero-tails\"><a href=\"https:\/\/www2.tails.net\/index.fr.html\">Tails<\/a> <\/span>est un syst\u00e8me d&rsquo;exploitation portable (s&rsquo;installe sur une cl\u00e9 USB), qui prot\u00e8ge contre la surveillance et la censure.<br \/>\n&gt; <a href=\"https:\/\/www.notrace.how\/resources\/download\/how-to-submit-an-anonymous-communique\/comment-envoyer-un-communique-anonyme-sans-se-faire-prendre-read.pdf\"><span class=\"lang_italics_are_italics resource_titlebar_title_resource_title font_latin lang_headings_are_bold lang_bold_is_bold\"><span class=\"\"><span class=\"item_searchable\">Comment envoyer un communiqu\u00e9 anonyme sans se faire prendre<\/span><\/span><\/span><\/a><br \/>\n<strong><br \/>\nSites ressources pour se prot\u00e8ger :<\/strong><br \/>\n<a href=\"https:\/\/www.notrace.how\/fr\/\">&gt; No Trace Project [notrace.how]<\/a><em> Pas de trace, pas de proc\u00e8s. Un ensemble d&rsquo;outils pour aider les anarchistes et autres rebelles \u00e0 comprendre les capacit\u00e9s de leurs ennemis, saper les efforts de surveillance, et au final agir sans se faire attraper.<\/em><\/p>\n<p><strong>Ne pas laisser de traces :<br \/>\n<\/strong><a href=\"https:\/\/infokiosques.net\/spip.php?article1836\">&gt; Blabladn. <\/a><em>De l\u2019ADN th\u00e9orique \u00e0 son nettoyage pratique : en savoir plus pour \u00e9loigner les flics<br \/>\n<\/em><a href=\"https:\/\/www.notrace.how\/resources\/download\/how-to-have-a-fun-night-to-forget\/comment-s-amuser-la-nuit-sans-se-faire-attraper-read.pdf\"><span class=\"lang_italics_are_italics resource_titlebar_title_resource_title font_latin lang_headings_are_bold lang_bold_is_bold\"><span class=\"\"><span class=\"item_searchable\">&gt; Comment s&rsquo;amuser la nuit sans se faire attraper<\/span><\/span><\/span><\/a><\/p>\n<p><strong>Recettes \u00e0 prendre avec des pincettes :<br \/>\n<\/strong>&gt; <a href=\"https:\/\/www.notrace.how\/resources\/download\/a-recipe-for-nocturnal-direct-actions\/recettes-pour-des-actions-directes-nocturnes-read.pdf\"><span class=\"lang_italics_are_italics resource_titlebar_title_resource_title font_latin lang_headings_are_bold lang_bold_is_bold\"><span class=\"\"><span class=\"item_searchable\">Recettes pour des actions directes nocturnes<\/span><\/span><\/span><\/a><br \/>\n<a href=\"https:\/\/attaque.noblogs.org\/post\/2024\/05\/21\/une-recette-de-gateau-danniversaire\/\">&gt; Une recette de g\u00e2teau d\u2019anniversaire<br \/>\n&gt; <\/a><a href=\"https:\/\/raslamine.noblogs.org\/files\/2026\/02\/mettrelefeu.pdf\">Mettre le feu aux c\u00e2bles pour d\u00e9butant.e.s<br \/>\n&gt; <\/a><a href=\"https:\/\/attaque.noblogs.org\/post\/2020\/04\/30\/affiche-comment-detruire-une-antenne-relais\/\">Comment d\u00e9truire une antenne-relais<br \/>\n&gt; <\/a><a href=\"https:\/\/attaque.noblogs.org\/post\/2025\/03\/27\/nutilisez-pas-de-cocktails-molotov\/\">Quelques notes sur des fa\u00e7ons de br\u00fbler en toute s\u00e9curit\u00e9 <\/a><\/p>\n<p><strong>La t\u00e9l\u00e9phonie mobile :<br \/>\n<\/strong>&gt; <span class=\"lang_italics_are_italics resource_titlebar_title_resource_title font_latin lang_headings_are_bold lang_bold_is_bold\"><span class=\"\"><span class=\"item_searchable\"><a href=\"https:\/\/www.notrace.how\/resources\/download\/telephonie-mobile-surveillances-repressions-reduction-des-risques\/telephonie-mobile-surveillances-repressions-reduction-des-risques.pdf\">T\u00e9l\u00e9phonie mobile : surveillances, r\u00e9pressions, r\u00e9duction des risques<\/a><\/span><\/span><\/span><\/p>\n<p><strong>La vid\u00e9o surveillance :<br \/>\n<\/strong>&gt; <a href=\"https:\/\/infokiosques.net\/spip.php?article2074\">Des voitures qui sont aussi des cam\u00e9ras. Un bref aper\u00e7u des fonctions de surveillance des Tesla et des conseils pour l\u2019attaque<\/a><br \/>\n&gt; <a href=\"https:\/\/infokiosques.net\/spip.php?article2019\">Pas vue pas prise. Contre la video-surveillance<\/a><br \/>\n&gt; <a href=\"https:\/\/raslamine.noblogs.org\/files\/2026\/02\/des-sonnettes-cameras-de-surveillance-enlevees-et-detruites-read.pdf\">Des sonnettes cameras de surveillance<\/a><\/p>\n<p><strong>La culture de la s\u00e9curit\u00e9 :<br \/>\n<\/strong>&gt; <a href=\"https:\/\/www.notrace.how\/resources\/download\/what-is-security-culture\/cultures-de-la-securite.pdf\">Cultures de la s\u00e9curit\u00e9\u00a0<\/a><\/p>\n<p><strong>Le mod\u00e8le de menace :<br \/>\n<\/strong>&gt; <a href=\"https:\/\/www.notrace.how\/resources\/download\/threat-modeling-fundamentals\/fondamentaux-de-la-modelisation-de-menaces-page-par-page.pdf\"><span class=\"lang_italics_are_italics resource_titlebar_title_resource_title font_latin lang_headings_are_bold lang_bold_is_bold\"><span class=\"\"><span class=\"item_searchable\">Fondamentaux de la mod\u00e9lisation de menaces<\/span><\/span><\/span><\/a><br \/>\n&gt; <a href=\"https:\/\/infokiosques.net\/spip.php?article2190\">Biblioth\u00e8que de menaces\u00a0<\/a><br \/>\n\u00ab <em>Base de connaissances de techniques r\u00e9pressives utilis\u00e9es par les ennemis des anarchistes et autres rebelles et d\u2019op\u00e9rations r\u00e9pressives o\u00f9 elles ont \u00e9t\u00e9 utilis\u00e9es \u2014 une analyse et classification des actions qui peuvent \u00eatre utilis\u00e9es contre nous. Son but est de t\u2019aider \u00e0 r\u00e9fl\u00e9chir aux mesures d\u2019att\u00e9nuation \u00e0 mettre en place pour un projet donn\u00e9 et \u00e0 parcourir des ressources qui abordent ces sujets plus en profondeur. Autrement dit, elle t\u2019aide \u00e0 aboutir \u00e0 une s\u00e9curit\u00e9 op\u00e9rationnelle adapt\u00e9e \u00e0 ton mod\u00e8le de menace.<\/em> \u00bb<\/p>\n<p><strong>Les interrogatoires et Garde \u00e0 Vues les volets psychologiques et physiques :<br \/>\n<\/strong>&gt; <a href=\"https:\/\/infokiosques.net\/spip.php?article2188\">Comment la police interroge et comment s\u2019en d\u00e9fendre<\/a><br \/>\n&gt; <a href=\"https:\/\/infokiosques.net\/spip.php?article1582\">Manuel de survie en garde \u00e0 vue<\/a><\/p>\n<p><strong>Se pr\u00e9parer \u00e0 la r\u00e9pression :<br \/>\n<\/strong>&gt; <a href=\"https:\/\/raslamine.noblogs.org\/files\/2026\/02\/petit-manuel-de-defense-collective-pageparpage_cleaned.pdf\">Petit manuel de defense collective de la rue (manifs, blocages, actions&#8230;) au tribunal<\/a><br \/>\n&gt; <a href=\"https:\/\/www.infokiosques.net\/spip.php?article2116\">Petit carnet pour faire face \u00e0 la prison<\/a><br \/>\n&gt;<a href=\"https:\/\/rajcollective.noblogs.org\/files\/2022\/06\/guide-perquiz-v3-livret.pdf\"> Se pr\u00e9parer aux perquisitions\u00a0<\/a><br \/>\n&gt;<a href=\"https:\/\/raslamine.noblogs.org\/files\/2026\/02\/deferements-schema.pdf\"> Sch\u00e9ma pour comprendre interpellation\/gadre \u00e0 vue\/d\u00e9ferrement<\/a><\/p>\n","protected":false},"excerpt":{"rendered":"<p>Se prot\u00e8ger sur internet : &gt; Guide d\u2019Autod\u00e9fense Num\u00e9rique (guide.boum.org) Face \u00e0 ces constats, la seule voie praticable semble \u00eatre de devenir capables d\u2019imaginer et de mettre en place des politiques et des strat\u00e9gies de r\u00e9duction des risques ad\u00e9quates. Tout &hellip; <a href=\"https:\/\/raslamine.noblogs.org\/?page_id=1359\">Continuer la lecture <span class=\"meta-nav\">&rarr;<\/span><\/a><\/p>\n","protected":false},"author":19922,"featured_media":0,"parent":0,"menu_order":0,"comment_status":"closed","ping_status":"closed","template":"","meta":{"footnotes":""},"class_list":["post-1359","page","type-page","status-publish","hentry"],"_links":{"self":[{"href":"https:\/\/raslamine.noblogs.org\/index.php?rest_route=\/wp\/v2\/pages\/1359","targetHints":{"allow":["GET"]}}],"collection":[{"href":"https:\/\/raslamine.noblogs.org\/index.php?rest_route=\/wp\/v2\/pages"}],"about":[{"href":"https:\/\/raslamine.noblogs.org\/index.php?rest_route=\/wp\/v2\/types\/page"}],"author":[{"embeddable":true,"href":"https:\/\/raslamine.noblogs.org\/index.php?rest_route=\/wp\/v2\/users\/19922"}],"replies":[{"embeddable":true,"href":"https:\/\/raslamine.noblogs.org\/index.php?rest_route=%2Fwp%2Fv2%2Fcomments&post=1359"}],"version-history":[{"count":6,"href":"https:\/\/raslamine.noblogs.org\/index.php?rest_route=\/wp\/v2\/pages\/1359\/revisions"}],"predecessor-version":[{"id":1427,"href":"https:\/\/raslamine.noblogs.org\/index.php?rest_route=\/wp\/v2\/pages\/1359\/revisions\/1427"}],"wp:attachment":[{"href":"https:\/\/raslamine.noblogs.org\/index.php?rest_route=%2Fwp%2Fv2%2Fmedia&parent=1359"}],"curies":[{"name":"wp","href":"https:\/\/api.w.org\/{rel}","templated":true}]}}